{"id":2607,"date":"2023-10-09T11:46:45","date_gmt":"2023-10-09T11:46:45","guid":{"rendered":"https:\/\/popcorn.coach\/?page_id=2607"},"modified":"2024-06-06T20:41:03","modified_gmt":"2024-06-06T20:41:03","slug":"blog","status":"publish","type":"page","link":"https:\/\/popcorn.coach\/fr\/blog\/","title":{"rendered":"Blog"},"content":{"rendered":"<div data-elementor-type=\"wp-page\" data-elementor-id=\"2607\" class=\"elementor elementor-2607\" data-elementor-post-type=\"page\">\n\t\t\t\t\t\t<section class=\"elementor-section elementor-top-section elementor-element elementor-element-ae79f99 elementor-section-content-middle elementor-section-boxed elementor-section-height-default elementor-section-height-default\" data-id=\"ae79f99\" data-element_type=\"section\" data-e-type=\"section\" data-settings=\"{&quot;background_background&quot;:&quot;classic&quot;}\">\n\t\t\t\t\t\t\t<div class=\"elementor-background-overlay\"><\/div>\n\t\t\t\t\t\t\t<div class=\"elementor-container elementor-column-gap-default\">\n\t\t\t\t\t<div class=\"elementor-column elementor-col-100 elementor-top-column elementor-element elementor-element-c347c5d\" data-id=\"c347c5d\" data-element_type=\"column\" data-e-type=\"column\" data-settings=\"{&quot;background_background&quot;:&quot;classic&quot;}\">\n\t\t\t<div class=\"elementor-widget-wrap elementor-element-populated\">\n\t\t\t\t\t\t<div class=\"elementor-element elementor-element-f960792 elementor-widget elementor-widget-heading\" data-id=\"f960792\" data-element_type=\"widget\" data-e-type=\"widget\" data-widget_type=\"heading.default\">\n\t\t\t\t<div class=\"elementor-widget-container\">\n\t\t\t\t\t<h2 class=\"elementor-heading-title elementor-size-default\"><span class=\"geel-punt\">Actualit\u00e9s<\/span><\/h2>\t\t\t\t<\/div>\n\t\t\t\t<\/div>\n\t\t\t\t<div class=\"elementor-element elementor-element-c1469bf elementor-widget elementor-widget-text-editor\" data-id=\"c1469bf\" data-element_type=\"widget\" data-e-type=\"widget\" data-widget_type=\"text-editor.default\">\n\t\t\t\t<div class=\"elementor-widget-container\">\n\t\t\t\t\t\t\t\t\t<p>Lisez toutes les nouvelles concernant Popcorn ici.<\/p>\t\t\t\t\t\t\t\t<\/div>\n\t\t\t\t<\/div>\n\t\t\t\t<section class=\"elementor-section elementor-inner-section elementor-element elementor-element-ed40b00 elementor-section-boxed elementor-section-height-default elementor-section-height-default\" data-id=\"ed40b00\" data-element_type=\"section\" data-e-type=\"section\">\n\t\t\t\t\t\t<div class=\"elementor-container elementor-column-gap-default\">\n\t\t\t\t\t<div class=\"elementor-column elementor-col-50 elementor-inner-column elementor-element elementor-element-c9596fe\" data-id=\"c9596fe\" data-element_type=\"column\" data-e-type=\"column\">\n\t\t\t<div class=\"elementor-widget-wrap elementor-element-populated\">\n\t\t\t\t\t\t<div class=\"elementor-element elementor-element-35c8473 elementor-widget elementor-widget-shortcode\" data-id=\"35c8473\" data-element_type=\"widget\" data-e-type=\"widget\" data-widget_type=\"shortcode.default\">\n\t\t\t\t<div class=\"elementor-widget-container\">\n\t\t\t\t\t\t\t<div class=\"elementor-shortcode\"><\/div>\n\t\t\t\t\t\t<\/div>\n\t\t\t\t<\/div>\n\t\t\t\t\t<\/div>\n\t\t<\/div>\n\t\t\t\t<div class=\"elementor-column elementor-col-50 elementor-inner-column elementor-element elementor-element-bf28fcd\" data-id=\"bf28fcd\" data-element_type=\"column\" data-e-type=\"column\">\n\t\t\t<div class=\"elementor-widget-wrap elementor-element-populated\">\n\t\t\t\t\t\t<div class=\"elementor-element elementor-element-a500db3 elementor-grid-2 elementor-grid-tablet-2 elementor-grid-mobile-1 elementor-posts--thumbnail-top elementor-card-shadow-yes elementor-posts__hover-gradient elementor-widget elementor-widget-posts\" data-id=\"a500db3\" data-element_type=\"widget\" data-e-type=\"widget\" data-settings=\"{&quot;cards_columns&quot;:&quot;2&quot;,&quot;cards_columns_tablet&quot;:&quot;2&quot;,&quot;cards_columns_mobile&quot;:&quot;1&quot;,&quot;cards_row_gap&quot;:{&quot;unit&quot;:&quot;px&quot;,&quot;size&quot;:35,&quot;sizes&quot;:[]},&quot;cards_row_gap_tablet&quot;:{&quot;unit&quot;:&quot;px&quot;,&quot;size&quot;:&quot;&quot;,&quot;sizes&quot;:[]},&quot;cards_row_gap_mobile&quot;:{&quot;unit&quot;:&quot;px&quot;,&quot;size&quot;:&quot;&quot;,&quot;sizes&quot;:[]}}\" data-widget_type=\"posts.cards\">\n\t\t\t\t<div class=\"elementor-widget-container\">\n\t\t\t\t\t\t\t<div class=\"elementor-posts-container elementor-posts elementor-posts--skin-cards elementor-grid\" role=\"list\">\n\t\t\t\t<article class=\"elementor-post elementor-grid-item post-4351 post type-post status-publish format-standard has-post-thumbnail hentry category-coaches\" role=\"listitem\">\n\t\t\t<div class=\"elementor-post__card\">\n\t\t\t\t<a class=\"elementor-post__thumbnail__link\" href=\"https:\/\/popcorn.coach\/fr\/maak-kennis-met-loopbaancoach-elke\/\" tabindex=\"-1\" ><div class=\"elementor-post__thumbnail\"><img fetchpriority=\"high\" decoding=\"async\" width=\"1024\" height=\"683\" src=\"https:\/\/popcorn.coach\/wp-content\/uploads\/2023\/07\/Profielfoto-Elke-1024x683.jpg\" class=\"attachment-large size-large wp-image-1737\" alt=\"Loopbaanbegeleiding Herentals\" srcset=\"https:\/\/popcorn.coach\/wp-content\/uploads\/2023\/07\/Profielfoto-Elke-1024x683.jpg 1024w, https:\/\/popcorn.coach\/wp-content\/uploads\/2023\/07\/Profielfoto-Elke-300x200.jpg 300w, https:\/\/popcorn.coach\/wp-content\/uploads\/2023\/07\/Profielfoto-Elke-768x512.jpg 768w, https:\/\/popcorn.coach\/wp-content\/uploads\/2023\/07\/Profielfoto-Elke-1536x1024.jpg 1536w, https:\/\/popcorn.coach\/wp-content\/uploads\/2023\/07\/Profielfoto-Elke-2048x1365.jpg 2048w\" sizes=\"(max-width: 1024px) 100vw, 1024px\" \/><\/div><\/a>\n\t\t\t\t<div class=\"elementor-post__badge\">Entra\u00eeneurs<\/div>\n\t\t\t\t<div class=\"elementor-post__text\">\n\t\t\t\t<h3 class=\"elementor-post__title\">\n\t\t\t<a href=\"https:\/\/popcorn.coach\/fr\/maak-kennis-met-loopbaancoach-elke\/\" >\n\t\t\t\tRencontre avec Elke, coach de carri\u00e8re\t\t\t<\/a>\n\t\t<\/h3>\n\t\t\t\t<div class=\"elementor-post__excerpt\">\n\t\t\t<p>Bonjour, je suis Elke, coach de carri\u00e8re passionn\u00e9e.<\/p>\n\t\t<\/div>\n\t\t\n\t\t<a class=\"elementor-post__read-more\" href=\"https:\/\/popcorn.coach\/fr\/maak-kennis-met-loopbaancoach-elke\/\" aria-label=\"Read more about Maak kennis met loopbaancoach Elke\" tabindex=\"-1\" >\n\t\t\tLire la suite \"\t\t<\/a>\n\n\t\t\t\t<\/div>\n\t\t\t\t\t<\/div>\n\t\t<\/article>\n\t\t\t\t<article class=\"elementor-post elementor-grid-item post-4339 post type-post status-publish format-standard has-post-thumbnail hentry category-coaches\" role=\"listitem\">\n\t\t\t<div class=\"elementor-post__card\">\n\t\t\t\t<a class=\"elementor-post__thumbnail__link\" href=\"https:\/\/popcorn.coach\/fr\/maak-kennis-met-loopbaancoach-mie\/\" tabindex=\"-1\" ><div class=\"elementor-post__thumbnail\"><img decoding=\"async\" width=\"705\" height=\"1024\" src=\"https:\/\/popcorn.coach\/wp-content\/uploads\/2023\/07\/Profielfoto-Mie-705x1024.jpg\" class=\"attachment-large size-large wp-image-1571\" alt=\"Loopbaanbegeleiding Hoogstraten\" srcset=\"https:\/\/popcorn.coach\/wp-content\/uploads\/2023\/07\/Profielfoto-Mie-705x1024.jpg 705w, https:\/\/popcorn.coach\/wp-content\/uploads\/2023\/07\/Profielfoto-Mie-207x300.jpg 207w, https:\/\/popcorn.coach\/wp-content\/uploads\/2023\/07\/Profielfoto-Mie.jpg 741w\" sizes=\"(max-width: 705px) 100vw, 705px\" \/><\/div><\/a>\n\t\t\t\t<div class=\"elementor-post__badge\">Entra\u00eeneurs<\/div>\n\t\t\t\t<div class=\"elementor-post__text\">\n\t\t\t\t<h3 class=\"elementor-post__title\">\n\t\t\t<a href=\"https:\/\/popcorn.coach\/fr\/maak-kennis-met-loopbaancoach-mie\/\" >\n\t\t\t\tRencontre avec Mie, coach de carri\u00e8re\t\t\t<\/a>\n\t\t<\/h3>\n\t\t\t\t<div class=\"elementor-post__excerpt\">\n\t\t\t<p>Bonjour, je suis Mie, coach de carri\u00e8re passionn\u00e9e.<\/p>\n\t\t<\/div>\n\t\t\n\t\t<a class=\"elementor-post__read-more\" href=\"https:\/\/popcorn.coach\/fr\/maak-kennis-met-loopbaancoach-mie\/\" aria-label=\"Read more about Maak kennis met loopbaancoach Mie\" tabindex=\"-1\" >\n\t\t\tLire la suite \"\t\t<\/a>\n\n\t\t\t\t<\/div>\n\t\t\t\t\t<\/div>\n\t\t<\/article>\n\t\t\t\t<article class=\"elementor-post elementor-grid-item post-3955 post type-post status-publish format-standard has-post-thumbnail hentry category-coaches\" role=\"listitem\">\n\t\t\t<div class=\"elementor-post__card\">\n\t\t\t\t<a class=\"elementor-post__thumbnail__link\" href=\"https:\/\/popcorn.coach\/fr\/maak-kennis-met-loopbaancoach-jolien\/\" tabindex=\"-1\" ><div class=\"elementor-post__thumbnail\"><img decoding=\"async\" width=\"683\" height=\"1024\" src=\"https:\/\/popcorn.coach\/wp-content\/uploads\/2023\/07\/Profielfoto-Jolien-683x1024.jpg\" class=\"attachment-large size-large wp-image-1565\" alt=\"Loopbaanbegeleiding Stevoort\" srcset=\"https:\/\/popcorn.coach\/wp-content\/uploads\/2023\/07\/Profielfoto-Jolien-683x1024.jpg 683w, https:\/\/popcorn.coach\/wp-content\/uploads\/2023\/07\/Profielfoto-Jolien-200x300.jpg 200w, https:\/\/popcorn.coach\/wp-content\/uploads\/2023\/07\/Profielfoto-Jolien.jpg 768w\" sizes=\"(max-width: 683px) 100vw, 683px\" \/><\/div><\/a>\n\t\t\t\t<div class=\"elementor-post__badge\">Entra\u00eeneurs<\/div>\n\t\t\t\t<div class=\"elementor-post__text\">\n\t\t\t\t<h3 class=\"elementor-post__title\">\n\t\t\t<a href=\"https:\/\/popcorn.coach\/fr\/maak-kennis-met-loopbaancoach-jolien\/\" >\n\t\t\t\tRencontre avec Jolien, coach de carri\u00e8re\t\t\t<\/a>\n\t\t<\/h3>\n\t\t\t\t<div class=\"elementor-post__excerpt\">\n\t\t\t<p>Bonjour, je suis Jolien, coach de carri\u00e8re passionn\u00e9e.<\/p>\n\t\t<\/div>\n\t\t\n\t\t<a class=\"elementor-post__read-more\" href=\"https:\/\/popcorn.coach\/fr\/maak-kennis-met-loopbaancoach-jolien\/\" aria-label=\"Read more about Maak kennis met loopbaancoach Jolien\" tabindex=\"-1\" >\n\t\t\tLire la suite \"\t\t<\/a>\n\n\t\t\t\t<\/div>\n\t\t\t\t\t<\/div>\n\t\t<\/article>\n\t\t\t\t<article class=\"elementor-post elementor-grid-item post-3944 post type-post status-publish format-standard has-post-thumbnail hentry category-coaches\" role=\"listitem\">\n\t\t\t<div class=\"elementor-post__card\">\n\t\t\t\t<a class=\"elementor-post__thumbnail__link\" href=\"https:\/\/popcorn.coach\/fr\/maak-kennis-met-loopbaancoach-sophie\/\" tabindex=\"-1\" ><div class=\"elementor-post__thumbnail\"><img loading=\"lazy\" decoding=\"async\" width=\"438\" height=\"640\" src=\"https:\/\/popcorn.coach\/wp-content\/uploads\/2023\/09\/Peakfoto.jpg\" class=\"attachment-large size-large wp-image-2408\" alt=\"loopbaanbegeleiding Kessel- lo\" srcset=\"https:\/\/popcorn.coach\/wp-content\/uploads\/2023\/09\/Peakfoto.jpg 438w, https:\/\/popcorn.coach\/wp-content\/uploads\/2023\/09\/Peakfoto-205x300.jpg 205w, https:\/\/popcorn.coach\/wp-content\/uploads\/2023\/09\/Peakfoto-8x12.jpg 8w\" sizes=\"(max-width: 438px) 100vw, 438px\" \/><\/div><\/a>\n\t\t\t\t<div class=\"elementor-post__badge\">Entra\u00eeneurs<\/div>\n\t\t\t\t<div class=\"elementor-post__text\">\n\t\t\t\t<h3 class=\"elementor-post__title\">\n\t\t\t<a href=\"https:\/\/popcorn.coach\/fr\/maak-kennis-met-loopbaancoach-sophie\/\" >\n\t\t\t\tRencontre avec Sophie, coach de carri\u00e8re\t\t\t<\/a>\n\t\t<\/h3>\n\t\t\t\t<div class=\"elementor-post__excerpt\">\n\t\t\t<p>Bonjour, je suis Sophie, coach de carri\u00e8re par passion !<\/p>\n\t\t<\/div>\n\t\t\n\t\t<a class=\"elementor-post__read-more\" href=\"https:\/\/popcorn.coach\/fr\/maak-kennis-met-loopbaancoach-sophie\/\" aria-label=\"Read more about Maak kennis met loopbaancoach Sophie\" tabindex=\"-1\" >\n\t\t\tLire la suite \"\t\t<\/a>\n\n\t\t\t\t<\/div>\n\t\t\t\t\t<\/div>\n\t\t<\/article>\n\t\t\t\t<article class=\"elementor-post elementor-grid-item post-3934 post type-post status-publish format-standard has-post-thumbnail hentry category-coaches\" role=\"listitem\">\n\t\t\t<div class=\"elementor-post__card\">\n\t\t\t\t<a class=\"elementor-post__thumbnail__link\" href=\"https:\/\/popcorn.coach\/fr\/maak-kennis-met-loopbaancoach-katrien\/\" tabindex=\"-1\" ><div class=\"elementor-post__thumbnail\"><img loading=\"lazy\" decoding=\"async\" width=\"680\" height=\"722\" src=\"https:\/\/popcorn.coach\/wp-content\/uploads\/2023\/07\/Profielfoto-Katrien-e1755088869746.jpg\" class=\"attachment-large size-large wp-image-1568\" alt=\"Loopbaanbegeleiding Weerde\" srcset=\"https:\/\/popcorn.coach\/wp-content\/uploads\/2023\/07\/Profielfoto-Katrien-e1755088869746.jpg 680w, https:\/\/popcorn.coach\/wp-content\/uploads\/2023\/07\/Profielfoto-Katrien-e1755088869746-283x300.jpg 283w, https:\/\/popcorn.coach\/wp-content\/uploads\/2023\/07\/Profielfoto-Katrien-e1755088869746-11x12.jpg 11w\" sizes=\"(max-width: 680px) 100vw, 680px\" \/><\/div><\/a>\n\t\t\t\t<div class=\"elementor-post__badge\">Entra\u00eeneurs<\/div>\n\t\t\t\t<div class=\"elementor-post__text\">\n\t\t\t\t<h3 class=\"elementor-post__title\">\n\t\t\t<a href=\"https:\/\/popcorn.coach\/fr\/maak-kennis-met-loopbaancoach-katrien\/\" >\n\t\t\t\tRencontrez Katrien, coach de carri\u00e8re\t\t\t<\/a>\n\t\t<\/h3>\n\t\t\t\t<div class=\"elementor-post__excerpt\">\n\t\t\t<p>Bonjour, je suis Katrien, coach de carri\u00e8re par passion !<\/p>\n\t\t<\/div>\n\t\t\n\t\t<a class=\"elementor-post__read-more\" href=\"https:\/\/popcorn.coach\/fr\/maak-kennis-met-loopbaancoach-katrien\/\" aria-label=\"Read more about Maak kennis met loopbaancoach Katrien\" tabindex=\"-1\" >\n\t\t\tLire la suite \"\t\t<\/a>\n\n\t\t\t\t<\/div>\n\t\t\t\t\t<\/div>\n\t\t<\/article>\n\t\t\t\t<article class=\"elementor-post elementor-grid-item post-3737 post type-post status-publish format-standard has-post-thumbnail hentry category-coaches\" role=\"listitem\">\n\t\t\t<div class=\"elementor-post__card\">\n\t\t\t\t<a class=\"elementor-post__thumbnail__link\" href=\"https:\/\/popcorn.coach\/fr\/maak-kennis-met-loopbaancoach-marc-bahner\/\" tabindex=\"-1\" ><div class=\"elementor-post__thumbnail\"><img loading=\"lazy\" decoding=\"async\" width=\"770\" height=\"1024\" src=\"https:\/\/popcorn.coach\/wp-content\/uploads\/2024\/06\/processed-B80A767C-8F2F-4B31-91F8-9EC14569BB32-C4502B37-551E-48D1-A9A5-D7B64363CF32-770x1024.jpeg\" class=\"attachment-large size-large wp-image-3750\" alt=\"Coach Marc\" srcset=\"https:\/\/popcorn.coach\/wp-content\/uploads\/2024\/06\/processed-B80A767C-8F2F-4B31-91F8-9EC14569BB32-C4502B37-551E-48D1-A9A5-D7B64363CF32-770x1024.jpeg 770w, https:\/\/popcorn.coach\/wp-content\/uploads\/2024\/06\/processed-B80A767C-8F2F-4B31-91F8-9EC14569BB32-C4502B37-551E-48D1-A9A5-D7B64363CF32-225x300.jpeg 225w, https:\/\/popcorn.coach\/wp-content\/uploads\/2024\/06\/processed-B80A767C-8F2F-4B31-91F8-9EC14569BB32-C4502B37-551E-48D1-A9A5-D7B64363CF32-768x1022.jpeg 768w, https:\/\/popcorn.coach\/wp-content\/uploads\/2024\/06\/processed-B80A767C-8F2F-4B31-91F8-9EC14569BB32-C4502B37-551E-48D1-A9A5-D7B64363CF32-1155x1536.jpeg 1155w, https:\/\/popcorn.coach\/wp-content\/uploads\/2024\/06\/processed-B80A767C-8F2F-4B31-91F8-9EC14569BB32-C4502B37-551E-48D1-A9A5-D7B64363CF32-1539x2048.jpeg 1539w, https:\/\/popcorn.coach\/wp-content\/uploads\/2024\/06\/processed-B80A767C-8F2F-4B31-91F8-9EC14569BB32-C4502B37-551E-48D1-A9A5-D7B64363CF32-9x12.jpeg 9w, https:\/\/popcorn.coach\/wp-content\/uploads\/2024\/06\/processed-B80A767C-8F2F-4B31-91F8-9EC14569BB32-C4502B37-551E-48D1-A9A5-D7B64363CF32.jpeg 1819w\" sizes=\"(max-width: 770px) 100vw, 770px\" \/><\/div><\/a>\n\t\t\t\t<div class=\"elementor-post__badge\">Entra\u00eeneurs<\/div>\n\t\t\t\t<div class=\"elementor-post__text\">\n\t\t\t\t<h3 class=\"elementor-post__title\">\n\t\t\t<a href=\"https:\/\/popcorn.coach\/fr\/maak-kennis-met-loopbaancoach-marc-bahner\/\" >\n\t\t\t\tRencontre avec Marc Bahner, coach de carri\u00e8re\t\t\t<\/a>\n\t\t<\/h3>\n\t\t\t\t<div class=\"elementor-post__excerpt\">\n\t\t\t<p>Bonjour, je suis Marc, coach de carri\u00e8re passionn\u00e9.<\/p>\n\t\t<\/div>\n\t\t\n\t\t<a class=\"elementor-post__read-more\" href=\"https:\/\/popcorn.coach\/fr\/maak-kennis-met-loopbaancoach-marc-bahner\/\" aria-label=\"Read more about Maak kennis met loopbaancoach Marc Bahner\" tabindex=\"-1\" >\n\t\t\tLire la suite \"\t\t<\/a>\n\n\t\t\t\t<\/div>\n\t\t\t\t\t<\/div>\n\t\t<\/article>\n\t\t\t\t<article class=\"elementor-post elementor-grid-item post-3757 post type-post status-publish format-standard has-post-thumbnail hentry category-coaches\" role=\"listitem\">\n\t\t\t<div class=\"elementor-post__card\">\n\t\t\t\t<a class=\"elementor-post__thumbnail__link\" href=\"https:\/\/popcorn.coach\/fr\/maak-kennis-met-loopbaancoach-niels-deruytter\/\" tabindex=\"-1\" ><div class=\"elementor-post__thumbnail\"><img loading=\"lazy\" decoding=\"async\" width=\"1024\" height=\"1024\" src=\"https:\/\/popcorn.coach\/wp-content\/uploads\/2023\/08\/IMG_9060-1-1-scaled-e1755074578858-1024x1024.jpeg\" class=\"attachment-large size-large wp-image-2063\" alt=\"Loopbaanbegeleiding Kortrijk\" srcset=\"https:\/\/popcorn.coach\/wp-content\/uploads\/2023\/08\/elementor\/thumbs\/IMG_9060-1-1-scaled-e1755074578858-ra6ucioo2o0almi069m2jju4uxmx1f1le25dq2h3wg.jpeg 1024w, https:\/\/popcorn.coach\/wp-content\/uploads\/2023\/08\/IMG_9060-1-1-scaled-e1755074578858-300x300.jpeg 300w, https:\/\/popcorn.coach\/wp-content\/uploads\/2023\/08\/IMG_9060-1-1-scaled-e1755074578858-150x150.jpeg 150w, https:\/\/popcorn.coach\/wp-content\/uploads\/2023\/08\/IMG_9060-1-1-scaled-e1755074578858-768x768.jpeg 768w, https:\/\/popcorn.coach\/wp-content\/uploads\/2023\/08\/IMG_9060-1-1-scaled-e1755074578858-12x12.jpeg 12w, https:\/\/popcorn.coach\/wp-content\/uploads\/2023\/08\/IMG_9060-1-1-scaled-e1755074578858.jpeg 1254w\" sizes=\"(max-width: 1024px) 100vw, 1024px\" \/><\/div><\/a>\n\t\t\t\t<div class=\"elementor-post__badge\">Entra\u00eeneurs<\/div>\n\t\t\t\t<div class=\"elementor-post__text\">\n\t\t\t\t<h3 class=\"elementor-post__title\">\n\t\t\t<a href=\"https:\/\/popcorn.coach\/fr\/maak-kennis-met-loopbaancoach-niels-deruytter\/\" >\n\t\t\t\tRencontre avec le coach de carri\u00e8re Niels Deruytter\t\t\t<\/a>\n\t\t<\/h3>\n\t\t\t\t<div class=\"elementor-post__excerpt\">\n\t\t\t<p>Bonjour, je suis Niels, coach de carri\u00e8re par passion ! <\/p>\n\t\t<\/div>\n\t\t\n\t\t<a class=\"elementor-post__read-more\" href=\"https:\/\/popcorn.coach\/fr\/maak-kennis-met-loopbaancoach-niels-deruytter\/\" aria-label=\"Read more about Maak kennis met loopbaancoach Niels Deruytter\" tabindex=\"-1\" >\n\t\t\tLire la suite \"\t\t<\/a>\n\n\t\t\t\t<\/div>\n\t\t\t\t\t<\/div>\n\t\t<\/article>\n\t\t\t\t<article class=\"elementor-post elementor-grid-item post-3666 post type-post status-publish format-standard has-post-thumbnail hentry category-coaches\" role=\"listitem\">\n\t\t\t<div class=\"elementor-post__card\">\n\t\t\t\t<a class=\"elementor-post__thumbnail__link\" href=\"https:\/\/popcorn.coach\/fr\/maak-kennis-met-loopbaancoach-karen-de-vos\/\" tabindex=\"-1\" ><div class=\"elementor-post__thumbnail\"><img loading=\"lazy\" decoding=\"async\" width=\"678\" height=\"1024\" src=\"https:\/\/popcorn.coach\/wp-content\/uploads\/2023\/07\/Profielfoto-Karen-De-Vos-678x1024.jpg\" class=\"attachment-large size-large wp-image-1566\" alt=\"Loopbaanbegeleiding Velm\" \/><\/div><\/a>\n\t\t\t\t<div class=\"elementor-post__badge\">Entra\u00eeneurs<\/div>\n\t\t\t\t<div class=\"elementor-post__text\">\n\t\t\t\t<h3 class=\"elementor-post__title\">\n\t\t\t<a href=\"https:\/\/popcorn.coach\/fr\/maak-kennis-met-loopbaancoach-karen-de-vos\/\" >\n\t\t\t\tRencontrez la coach de carri\u00e8re Karen De Vos\t\t\t<\/a>\n\t\t<\/h3>\n\t\t\t\t<div class=\"elementor-post__excerpt\">\n\t\t\t<p>Je m'appelle Karen et je travaille comme coach de carri\u00e8re depuis 2 ans. J'ai \u00e9galement travaill\u00e9 en tant que professionnelle des ressources humaines dans diff\u00e9rents secteurs pendant plus de 20 ans.<\/p>\n\t\t<\/div>\n\t\t\n\t\t<a class=\"elementor-post__read-more\" href=\"https:\/\/popcorn.coach\/fr\/maak-kennis-met-loopbaancoach-karen-de-vos\/\" aria-label=\"Read more about Maak kennis met loopbaancoach Karen De Vos\" tabindex=\"-1\" >\n\t\t\tLire la suite \"\t\t<\/a>\n\n\t\t\t\t<\/div>\n\t\t\t\t\t<\/div>\n\t\t<\/article>\n\t\t\t\t<article class=\"elementor-post elementor-grid-item post-1931 post type-post status-publish format-standard has-post-thumbnail hentry category-algemeen\" role=\"listitem\">\n\t\t\t<div class=\"elementor-post__card\">\n\t\t\t\t<a class=\"elementor-post__thumbnail__link\" href=\"https:\/\/popcorn.coach\/fr\/loopbaanbegeleiding-in-hasselt-de-weg-naar-succes\/\" tabindex=\"-1\" ><div class=\"elementor-post__thumbnail\"><img loading=\"lazy\" decoding=\"async\" width=\"1024\" height=\"683\" src=\"https:\/\/popcorn.coach\/wp-content\/uploads\/2023\/06\/00000470-1024x683.jpg\" class=\"attachment-large size-large wp-image-657\" alt=\"\" srcset=\"https:\/\/popcorn.coach\/wp-content\/uploads\/2023\/06\/00000470-1024x683.jpg 1024w, https:\/\/popcorn.coach\/wp-content\/uploads\/2023\/06\/00000470-300x200.jpg 300w, https:\/\/popcorn.coach\/wp-content\/uploads\/2023\/06\/00000470-768x512.jpg 768w, https:\/\/popcorn.coach\/wp-content\/uploads\/2023\/06\/00000470-1536x1024.jpg 1536w, https:\/\/popcorn.coach\/wp-content\/uploads\/2023\/06\/00000470-2048x1365.jpg 2048w\" sizes=\"(max-width: 1024px) 100vw, 1024px\" \/><\/div><\/a>\n\t\t\t\t<div class=\"elementor-post__badge\">G\u00e9n\u00e9ral<\/div>\n\t\t\t\t<div class=\"elementor-post__text\">\n\t\t\t\t<h3 class=\"elementor-post__title\">\n\t\t\t<a href=\"https:\/\/popcorn.coach\/fr\/loopbaanbegeleiding-in-hasselt-de-weg-naar-succes\/\" >\n\t\t\t\tL'orientation professionnelle \u00e0 Hasselt : la voie du succ\u00e8s\t\t\t<\/a>\n\t\t<\/h3>\n\t\t\t\t<div class=\"elementor-post__excerpt\">\n\t\t\t<p>Une bonne orientation est essentielle pour le d\u00e9veloppement de votre carri\u00e8re. Dans ce blog, vous d\u00e9couvrirez pourquoi Popcorn est votre partenaire id\u00e9al pour l'orientation professionnelle \u00e0 Hasselt et dans les environs.<\/p>\n\t\t<\/div>\n\t\t\n\t\t<a class=\"elementor-post__read-more\" href=\"https:\/\/popcorn.coach\/fr\/loopbaanbegeleiding-in-hasselt-de-weg-naar-succes\/\" aria-label=\"Read more about Loopbaanbegeleiding in Hasselt: de weg naar succes\" tabindex=\"-1\" >\n\t\t\tLire la suite \"\t\t<\/a>\n\n\t\t\t\t<\/div>\n\t\t\t\t\t<\/div>\n\t\t<\/article>\n\t\t\t\t<\/div>\n\t\t\n\t\t\t\t\t\t<\/div>\n\t\t\t\t<\/div>\n\t\t\t\t\t<\/div>\n\t\t<\/div>\n\t\t\t\t\t<\/div>\n\t\t<\/section>\n\t\t\t\t<div class=\"elementor-element elementor-element-99c487f elementor-widget elementor-widget-image\" data-id=\"99c487f\" data-element_type=\"widget\" data-e-type=\"widget\" data-widget_type=\"image.default\">\n\t\t\t\t<div class=\"elementor-widget-container\">\n\t\t\t\t\t\t\t\t\t\t\t\t\t\t\t<img loading=\"lazy\" decoding=\"async\" width=\"300\" height=\"300\" src=\"https:\/\/popcorn.coach\/wp-content\/uploads\/2023\/07\/Popcorn_o.png\" class=\"attachment-large size-large wp-image-1340\" alt=\"\" srcset=\"https:\/\/popcorn.coach\/wp-content\/uploads\/2023\/07\/Popcorn_o.png 300w, https:\/\/popcorn.coach\/wp-content\/uploads\/2023\/07\/Popcorn_o-150x150.png 150w\" sizes=\"(max-width: 300px) 100vw, 300px\" \/>\t\t\t\t\t\t\t\t\t\t\t\t\t\t\t<\/div>\n\t\t\t\t<\/div>\n\t\t\t\t\t<\/div>\n\t\t<\/div>\n\t\t\t\t\t<\/div>\n\t\t<\/section>\n\t\t\t\t<\/div>","protected":false},"excerpt":{"rendered":"<p>Nieuws Lees hier alle nieuwtjes over Popcorn.<\/p>","protected":false},"author":1,"featured_media":0,"parent":0,"menu_order":0,"comment_status":"closed","ping_status":"closed","template":"","meta":{"_acf_changed":false,"site-sidebar-layout":"no-sidebar","site-content-layout":"page-builder","ast-site-content-layout":"full-width-container","site-content-style":"default","site-sidebar-style":"default","ast-global-header-display":"","ast-banner-title-visibility":"","ast-main-header-display":"","ast-hfb-above-header-display":"","ast-hfb-below-header-display":"","ast-hfb-mobile-header-display":"","site-post-title":"disabled","ast-breadcrumbs-content":"","ast-featured-img":"disabled","footer-sml-layout":"","ast-disable-related-posts":"","theme-transparent-header-meta":"default","adv-header-id-meta":"","stick-header-meta":"","header-above-stick-meta":"","header-main-stick-meta":"","header-below-stick-meta":"","astra-migrate-meta-layouts":"set","ast-page-background-enabled":"default","ast-page-background-meta":{"desktop":{"background-color":"","background-image":"","background-repeat":"repeat","background-position":"center center","background-size":"auto","background-attachment":"scroll","background-type":"","background-media":"","overlay-type":"","overlay-color":"","overlay-opacity":"","overlay-gradient":""},"tablet":{"background-color":"","background-image":"","background-repeat":"repeat","background-position":"center center","background-size":"auto","background-attachment":"scroll","background-type":"","background-media":"","overlay-type":"","overlay-color":"","overlay-opacity":"","overlay-gradient":""},"mobile":{"background-color":"","background-image":"","background-repeat":"repeat","background-position":"center center","background-size":"auto","background-attachment":"scroll","background-type":"","background-media":"","overlay-type":"","overlay-color":"","overlay-opacity":"","overlay-gradient":""}},"ast-content-background-meta":{"desktop":{"background-color":"var(--ast-global-color-5)","background-image":"","background-repeat":"repeat","background-position":"center center","background-size":"auto","background-attachment":"scroll","background-type":"","background-media":"","overlay-type":"","overlay-color":"","overlay-opacity":"","overlay-gradient":""},"tablet":{"background-color":"var(--ast-global-color-5)","background-image":"","background-repeat":"repeat","background-position":"center center","background-size":"auto","background-attachment":"scroll","background-type":"","background-media":"","overlay-type":"","overlay-color":"","overlay-opacity":"","overlay-gradient":""},"mobile":{"background-color":"var(--ast-global-color-5)","background-image":"","background-repeat":"repeat","background-position":"center center","background-size":"auto","background-attachment":"scroll","background-type":"","background-media":"","overlay-type":"","overlay-color":"","overlay-opacity":"","overlay-gradient":""}},"footnotes":""},"class_list":["post-2607","page","type-page","status-publish","hentry"],"acf":[],"_links":{"self":[{"href":"https:\/\/popcorn.coach\/fr\/wp-json\/wp\/v2\/pages\/2607","targetHints":{"allow":["GET"]}}],"collection":[{"href":"https:\/\/popcorn.coach\/fr\/wp-json\/wp\/v2\/pages"}],"about":[{"href":"https:\/\/popcorn.coach\/fr\/wp-json\/wp\/v2\/types\/page"}],"author":[{"embeddable":true,"href":"https:\/\/popcorn.coach\/fr\/wp-json\/wp\/v2\/users\/1"}],"replies":[{"embeddable":true,"href":"https:\/\/popcorn.coach\/fr\/wp-json\/wp\/v2\/comments?post=2607"}],"version-history":[{"count":26,"href":"https:\/\/popcorn.coach\/fr\/wp-json\/wp\/v2\/pages\/2607\/revisions"}],"predecessor-version":[{"id":3794,"href":"https:\/\/popcorn.coach\/fr\/wp-json\/wp\/v2\/pages\/2607\/revisions\/3794"}],"wp:attachment":[{"href":"https:\/\/popcorn.coach\/fr\/wp-json\/wp\/v2\/media?parent=2607"}],"curies":[{"name":"wp","href":"https:\/\/api.w.org\/{rel}","templated":true}]}}